{"id":93,"date":"2022-02-08T15:07:52","date_gmt":"2022-02-08T07:07:52","guid":{"rendered":"https:\/\/sao.wfu.edu.tw\/lifehouse\/?page_id=93"},"modified":"2022-02-09T11:16:59","modified_gmt":"2022-02-09T03:16:59","slug":"%e5%ae%bf%e8%88%8d%e7%b0%a1%e4%bb%8b","status":"publish","type":"page","link":"https:\/\/sao.wfu.edu.tw\/lifehouse\/%e5%ae%bf%e8%88%8d%e7%b0%a1%e4%bb%8b\/","title":{"rendered":"\u5bbf\u820d\u7c21\u4ecb"},"content":{"rendered":"\t\t<div data-elementor-type=\"wp-page\" data-elementor-id=\"93\" class=\"elementor elementor-93\">\n\t\t\t\t\t\t<section class=\"elementor-section elementor-top-section elementor-element elementor-element-a3b0643 elementor-section-boxed elementor-section-height-default elementor-section-height-default\" data-id=\"a3b0643\" data-element_type=\"section\" data-e-type=\"section\">\n\t\t\t\t\t\t<div class=\"elementor-container elementor-column-gap-default\">\n\t\t\t\t\t<div class=\"elementor-column elementor-col-100 elementor-top-column elementor-element elementor-element-c80605a\" data-id=\"c80605a\" data-element_type=\"column\" data-e-type=\"column\">\n\t\t\t<div class=\"elementor-widget-wrap elementor-element-populated\">\n\t\t\t\t\t\t<div class=\"elementor-element elementor-element-c213dbb elementor-widget elementor-widget-image\" data-id=\"c213dbb\" data-element_type=\"widget\" data-e-type=\"widget\" data-widget_type=\"image.default\">\n\t\t\t\t<div class=\"elementor-widget-container\">\n\t\t\t\t\t\t\t\t\t\t\t\t\t\t\t<img fetchpriority=\"high\" decoding=\"async\" width=\"750\" height=\"266\" src=\"https:\/\/sao.wfu.edu.tw\/lifehouse\/wp-content\/uploads\/sites\/11\/2022\/02\/\u5bbf\u820d\u7c21\u4ecb001-1024x363.png\" class=\"attachment-large size-large wp-image-218\" alt=\"\" srcset=\"https:\/\/sao.wfu.edu.tw\/lifehouse\/wp-content\/uploads\/sites\/11\/2022\/02\/\u5bbf\u820d\u7c21\u4ecb001-1024x363.png 1024w, https:\/\/sao.wfu.edu.tw\/lifehouse\/wp-content\/uploads\/sites\/11\/2022\/02\/\u5bbf\u820d\u7c21\u4ecb001-300x106.png 300w, https:\/\/sao.wfu.edu.tw\/lifehouse\/wp-content\/uploads\/sites\/11\/2022\/02\/\u5bbf\u820d\u7c21\u4ecb001-768x272.png 768w, https:\/\/sao.wfu.edu.tw\/lifehouse\/wp-content\/uploads\/sites\/11\/2022\/02\/\u5bbf\u820d\u7c21\u4ecb001-1536x544.png 1536w, https:\/\/sao.wfu.edu.tw\/lifehouse\/wp-content\/uploads\/sites\/11\/2022\/02\/\u5bbf\u820d\u7c21\u4ecb001.png 1920w\" sizes=\"(max-width: 750px) 100vw, 750px\" \/>\t\t\t\t\t\t\t\t\t\t\t\t\t\t\t<\/div>\n\t\t\t\t<\/div>\n\t\t\t\t\t<\/div>\n\t\t<\/div>\n\t\t\t\t\t<\/div>\n\t\t<\/section>\n\t\t\t\t<section class=\"elementor-section elementor-top-section elementor-element elementor-element-01bfa1d elementor-section-boxed elementor-section-height-default elementor-section-height-default\" data-id=\"01bfa1d\" data-element_type=\"section\" data-e-type=\"section\">\n\t\t\t\t\t\t<div class=\"elementor-container elementor-column-gap-default\">\n\t\t\t\t\t<div class=\"elementor-column elementor-col-100 elementor-top-column elementor-element elementor-element-2b42c22\" data-id=\"2b42c22\" data-element_type=\"column\" data-e-type=\"column\">\n\t\t\t<div class=\"elementor-widget-wrap elementor-element-populated\">\n\t\t\t\t\t\t<div class=\"elementor-element elementor-element-a003391 elementor-widget elementor-widget-heading\" data-id=\"a003391\" data-element_type=\"widget\" data-e-type=\"widget\" data-widget_type=\"heading.default\">\n\t\t\t\t<div class=\"elementor-widget-container\">\n\t\t\t\t\t<h2 class=\"elementor-heading-title elementor-size-default\">\u6211\u5bb6\u5bbf\u820d\u7c21\u4ecb-\u8d8a\u5357\u7248(<a href=\"http:\/\/www.youtube.com\/v\/fERexQ5oT24\" style=\"font-family: Helvetica, Arial, Verdana, sans-serif;font-size: 18.72px;font-style: normal;font-weight: 400\">Gi\u1edbi thi\u1ec7u v\u1ec1 k\u00fd t\u00fac x\u00e1 nh\u00e0 c\u1ee7a t\u00f4i<\/a>)<\/h2>\t\t\t\t<\/div>\n\t\t\t\t<\/div>\n\t\t\t\t\t<\/div>\n\t\t<\/div>\n\t\t\t\t\t<\/div>\n\t\t<\/section>\n\t\t\t\t<section class=\"elementor-section elementor-top-section elementor-element elementor-element-f096b3d elementor-section-boxed elementor-section-height-default elementor-section-height-default\" data-id=\"f096b3d\" data-element_type=\"section\" data-e-type=\"section\">\n\t\t\t\t\t\t<div class=\"elementor-container elementor-column-gap-default\">\n\t\t\t\t\t<div class=\"elementor-column elementor-col-100 elementor-top-column elementor-element elementor-element-8406c39\" data-id=\"8406c39\" data-element_type=\"column\" data-e-type=\"column\">\n\t\t\t<div class=\"elementor-widget-wrap elementor-element-populated\">\n\t\t\t\t\t\t<div class=\"elementor-element elementor-element-150348c elementor-widget elementor-widget-video\" data-id=\"150348c\" data-element_type=\"widget\" data-e-type=\"widget\" data-settings=\"{&quot;youtube_url&quot;:&quot;https:\\\/\\\/www.youtube.com\\\/watch?v=fERexQ5oT24&quot;,&quot;video_type&quot;:&quot;youtube&quot;,&quot;controls&quot;:&quot;yes&quot;}\" data-widget_type=\"video.default\">\n\t\t\t\t<div class=\"elementor-widget-container\">\n\t\t\t\t\t\t\t<div class=\"elementor-wrapper elementor-open-inline\">\n\t\t\t<div class=\"elementor-video\"><\/div>\t\t<\/div>\n\t\t\t\t\t\t<\/div>\n\t\t\t\t<\/div>\n\t\t\t\t\t<\/div>\n\t\t<\/div>\n\t\t\t\t\t<\/div>\n\t\t<\/section>\n\t\t\t\t<section class=\"elementor-section elementor-top-section elementor-element elementor-element-b4ae6b7 elementor-section-boxed elementor-section-height-default elementor-section-height-default\" data-id=\"b4ae6b7\" data-element_type=\"section\" data-e-type=\"section\">\n\t\t\t\t\t\t<div class=\"elementor-container elementor-column-gap-default\">\n\t\t\t\t\t<div class=\"elementor-column elementor-col-100 elementor-top-column elementor-element elementor-element-1e29e16\" data-id=\"1e29e16\" data-element_type=\"column\" data-e-type=\"column\">\n\t\t\t<div class=\"elementor-widget-wrap elementor-element-populated\">\n\t\t\t\t\t\t<div class=\"elementor-element elementor-element-fcf7cea elementor-widget elementor-widget-heading\" data-id=\"fcf7cea\" data-element_type=\"widget\" data-e-type=\"widget\" data-widget_type=\"heading.default\">\n\t\t\t\t<div class=\"elementor-widget-container\">\n\t\t\t\t\t<h2 class=\"elementor-heading-title elementor-size-default\">\u6211\u5bb6\u5bbf\u820d\u7c21\u4ecb-\u4e2d\u6587\u7248<\/h2>\t\t\t\t<\/div>\n\t\t\t\t<\/div>\n\t\t\t\t\t<\/div>\n\t\t<\/div>\n\t\t\t\t\t<\/div>\n\t\t<\/section>\n\t\t\t\t<section class=\"elementor-section elementor-top-section elementor-element elementor-element-9acfc9f elementor-section-boxed elementor-section-height-default elementor-section-height-default\" data-id=\"9acfc9f\" data-element_type=\"section\" data-e-type=\"section\">\n\t\t\t\t\t\t<div class=\"elementor-container elementor-column-gap-default\">\n\t\t\t\t\t<div class=\"elementor-column elementor-col-100 elementor-top-column elementor-element elementor-element-d8bba3c\" data-id=\"d8bba3c\" data-element_type=\"column\" data-e-type=\"column\">\n\t\t\t<div class=\"elementor-widget-wrap elementor-element-populated\">\n\t\t\t\t\t\t<div class=\"elementor-element elementor-element-fa8ca77 elementor-widget elementor-widget-video\" data-id=\"fa8ca77\" data-element_type=\"widget\" data-e-type=\"widget\" data-settings=\"{&quot;youtube_url&quot;:&quot;https:\\\/\\\/www.youtube.com\\\/watch?v=4cfBT-wY71E&quot;,&quot;video_type&quot;:&quot;youtube&quot;,&quot;controls&quot;:&quot;yes&quot;}\" data-widget_type=\"video.default\">\n\t\t\t\t<div class=\"elementor-widget-container\">\n\t\t\t\t\t\t\t<div class=\"elementor-wrapper elementor-open-inline\">\n\t\t\t<div class=\"elementor-video\"><\/div>\t\t<\/div>\n\t\t\t\t\t\t<\/div>\n\t\t\t\t<\/div>\n\t\t\t\t\t<\/div>\n\t\t<\/div>\n\t\t\t\t\t<\/div>\n\t\t<\/section>\n\t\t\t\t<section class=\"elementor-section elementor-top-section elementor-element elementor-element-e173a70 elementor-section-boxed elementor-section-height-default elementor-section-height-default\" data-id=\"e173a70\" data-element_type=\"section\" data-e-type=\"section\">\n\t\t\t\t\t\t<div class=\"elementor-container elementor-column-gap-default\">\n\t\t\t\t\t<div class=\"elementor-column elementor-col-100 elementor-top-column elementor-element elementor-element-254561b\" data-id=\"254561b\" data-element_type=\"column\" data-e-type=\"column\">\n\t\t\t<div class=\"elementor-widget-wrap elementor-element-populated\">\n\t\t\t\t\t\t<div class=\"elementor-element elementor-element-feaf43e elementor-widget elementor-widget-heading\" data-id=\"feaf43e\" data-element_type=\"widget\" data-e-type=\"widget\" data-widget_type=\"heading.default\">\n\t\t\t\t<div class=\"elementor-widget-container\">\n\t\t\t\t\t<h2 class=\"elementor-heading-title elementor-size-default\"><a href=\"https:\/\/sao.wfu.edu.tw\/lifehouse\/wp-content\/uploads\/sites\/11\/2022\/02\/\u6211\u5bb6\u5bbf\u820d\u7c21\u4ecb\u82f1\u6587\u7248-.pdf\" target=\"_blank\">\u6211\u5bb6\u5bbf\u820d\u7c21\u4ecb-\u82f1\u6587\u7248<\/a><\/h2>\t\t\t\t<\/div>\n\t\t\t\t<\/div>\n\t\t\t\t\t<\/div>\n\t\t<\/div>\n\t\t\t\t\t<\/div>\n\t\t<\/section>\n\t\t\t\t<\/div>\n\t\t","protected":false},"excerpt":{"rendered":"<p>\/*! elementor &#8211; v3.5.2 &#8211; 22-<\/p>\n","protected":false},"author":11,"featured_media":0,"parent":0,"menu_order":1,"comment_status":"closed","ping_status":"closed","template":"","meta":{"footnotes":""},"class_list":["post-93","page","type-page","status-publish","hentry"],"_links":{"self":[{"href":"https:\/\/sao.wfu.edu.tw\/lifehouse\/wp-json\/wp\/v2\/pages\/93","targetHints":{"allow":["GET"]}}],"collection":[{"href":"https:\/\/sao.wfu.edu.tw\/lifehouse\/wp-json\/wp\/v2\/pages"}],"about":[{"href":"https:\/\/sao.wfu.edu.tw\/lifehouse\/wp-json\/wp\/v2\/types\/page"}],"author":[{"embeddable":true,"href":"https:\/\/sao.wfu.edu.tw\/lifehouse\/wp-json\/wp\/v2\/users\/11"}],"replies":[{"embeddable":true,"href":"https:\/\/sao.wfu.edu.tw\/lifehouse\/wp-json\/wp\/v2\/comments?post=93"}],"version-history":[{"count":0,"href":"https:\/\/sao.wfu.edu.tw\/lifehouse\/wp-json\/wp\/v2\/pages\/93\/revisions"}],"wp:attachment":[{"href":"https:\/\/sao.wfu.edu.tw\/lifehouse\/wp-json\/wp\/v2\/media?parent=93"}],"curies":[{"name":"wp","href":"https:\/\/api.w.org\/{rel}","templated":true}]}}